{"id":72,"date":"2024-05-20T19:45:24","date_gmt":"2024-05-20T17:45:24","guid":{"rendered":"https:\/\/kerusanchez.es\/?page_id=72"},"modified":"2024-06-27T15:49:21","modified_gmt":"2024-06-27T13:49:21","slug":"curriculum","status":"publish","type":"page","link":"https:\/\/kerusanchez.es\/index.php\/curriculum\/","title":{"rendered":"CURR\u00cdCULUM"},"content":{"rendered":"\n<h2 class=\"wp-block-heading has-text-align-left\">EN GALAS &#8230;<\/h2>\n\n\n\n<div class=\"wp-block-columns is-layout-flex wp-container-core-columns-is-layout-28f84493 wp-block-columns-is-layout-flex\">\n<div class=\"wp-block-column is-layout-flow wp-block-column-is-layout-flow\">\n<p>Gala 90 aniversario Cadena Ser (2024)<\/p>\n\n\n\n<p>Gala Global Gift ( Mar\u00eda Bravo &amp; Eva Longoria)<\/p>\n\n\n\n<p>Gala Premios Radio Elda ( de 2017 a 2024)<\/p>\n\n\n\n<p>Gala premios Radio Orihuela (de 2018 a 2024)<\/p>\n\n\n\n<p>Gala Premios Radio Benidorm ( 2023\/2024)<\/p>\n\n\n\n<p>Gala Premios Ser Viajeros ( 2016\/2024)<\/p>\n\n\n\n<p>Premios Muy Abierto Comercio <\/p>\n\n\n\n<p>Gala Premios Asaja Agricultura<\/p>\n\n\n\n<p>Gala Turismo Accesible Cocemfe<\/p>\n\n\n\n<p>Gala Premios Fundaci\u00f3n Magtel<\/p>\n\n\n\n<p>Gala Candestino<\/p>\n<\/div>\n\n\n\n<div class=\"wp-block-column is-vertically-aligned-center is-layout-flow wp-block-column-is-layout-flow\">\n<figure class=\"wp-block-embed is-type-video is-provider-youtube wp-block-embed-youtube wp-embed-aspect-16-9 wp-has-aspect-ratio\"><div class=\"wp-block-embed__wrapper\">\n<iframe loading=\"lazy\" title=\"Keru S\u00e1nchez Gala Cadena Ser Co\u0301rdoba 90 Aniversario\" width=\"500\" height=\"281\" src=\"https:\/\/www.youtube.com\/embed\/VNY-qpkzkpM?feature=oembed\" frameborder=\"0\" allow=\"accelerometer; autoplay; clipboard-write; encrypted-media; gyroscope; picture-in-picture; web-share\" referrerpolicy=\"strict-origin-when-cross-origin\" allowfullscreen><\/iframe>\n<\/div><\/figure>\n<\/div>\n<\/div>\n\n\n\n<hr class=\"wp-block-separator has-alpha-channel-opacity\"\/>\n\n\n\n<h2 class=\"wp-block-heading has-text-align-left\">EN MEDIOS &#8230;<\/h2>\n\n\n\n<div class=\"wp-block-columns is-layout-flex wp-container-core-columns-is-layout-28f84493 wp-block-columns-is-layout-flex\">\n<div class=\"wp-block-column is-vertically-aligned-bottom is-layout-flow wp-block-column-is-layout-flow\">\n<p>Diez temporadas como n\u00facleo de gui\u00f3n y colaborador en Anda Ya! en Los 40<\/p>\n\n\n\n<p>Carrusel Deportivo en La Cadena Ser<\/p>\n\n\n\n<p>La Ventana en la Cadena ser<\/p>\n\n\n\n<p>Transmite las uvas 2024 con Juan Carlos Ortega<\/p>\n\n\n\n<p>Podcast Mi a\u00f1o favorito (A.Gonz\u00e1lez Campos\/Dani Rovira)<\/p>\n\n\n\n<p>Sinton\u00eda podcast \u00abTodo sobre tu madre\u00bb (Alma Forte)<\/p>\n\n\n\n<p>Cabecera programa en redes \u00abFallerita de Lunares\u00bb<\/p>\n\n\n\n<p>Canci\u00f3n \u00abFelices a\u00f1os 20\u00bb en Late Motiv (A. Buenafuente)<\/p>\n\n\n\n<p>Composiciones publicitarias en redes (El Almendro, Ecoembes, Licor43, Hyundai, J&amp;B, Mapfre&#8230;)<\/p>\n\n\n\n<p>M\u00e1s de cien canciones personalizadas (particulares y empresas)<\/p>\n\n\n\n<div class=\"wp-block-columns is-style-have-gap-0 is-layout-flex wp-container-core-columns-is-layout-28f84493 wp-block-columns-is-layout-flex\">\n<div class=\"wp-block-column is-vertically-aligned-center is-layout-flow wp-block-column-is-layout-flow\">\n<figure class=\"wp-block-embed is-type-video is-provider-youtube wp-block-embed-youtube wp-embed-aspect-16-9 wp-has-aspect-ratio\"><div class=\"wp-block-embed__wrapper\">\n<iframe loading=\"lazy\" title=\"Keru S\u00e1nchez y un husky buscando due\u00f1o | MI A\u00d1O FAVORITO | Podium Podcast\" width=\"500\" height=\"281\" src=\"https:\/\/www.youtube.com\/embed\/WX_v8DwNqR4?feature=oembed\" frameborder=\"0\" allow=\"accelerometer; autoplay; clipboard-write; encrypted-media; gyroscope; picture-in-picture; web-share\" referrerpolicy=\"strict-origin-when-cross-origin\" allowfullscreen><\/iframe>\n<\/div><\/figure>\n<\/div>\n<\/div>\n<\/div>\n\n\n\n<div class=\"wp-block-column is-vertically-aligned-bottom is-layout-flow wp-block-column-is-layout-flow\">\n<figure class=\"wp-block-image is-resized\"><img loading=\"lazy\" decoding=\"async\" width=\"819\" height=\"1024\" src=\"https:\/\/kerusanchez.es\/_new\/wp-content\/uploads\/2024\/05\/A2C0243E-EDFB-42AA-B715-FA743958E45E-819x1024.jpg\" alt=\"\" class=\"wp-image-124\" style=\"aspect-ratio:1;width:558px;height:auto\" srcset=\"https:\/\/kerusanchez.es\/wp-content\/uploads\/2024\/05\/A2C0243E-EDFB-42AA-B715-FA743958E45E-819x1024.jpg 819w, https:\/\/kerusanchez.es\/wp-content\/uploads\/2024\/05\/A2C0243E-EDFB-42AA-B715-FA743958E45E-240x300.jpg 240w, https:\/\/kerusanchez.es\/wp-content\/uploads\/2024\/05\/A2C0243E-EDFB-42AA-B715-FA743958E45E-768x960.jpg 768w, https:\/\/kerusanchez.es\/wp-content\/uploads\/2024\/05\/A2C0243E-EDFB-42AA-B715-FA743958E45E-1229x1536.jpg 1229w, https:\/\/kerusanchez.es\/wp-content\/uploads\/2024\/05\/A2C0243E-EDFB-42AA-B715-FA743958E45E-1638x2048.jpg 1638w, https:\/\/kerusanchez.es\/wp-content\/uploads\/2024\/05\/A2C0243E-EDFB-42AA-B715-FA743958E45E-scaled.jpg 2048w\" sizes=\"auto, (max-width: 819px) 100vw, 819px\" \/><\/figure>\n\n\n\n<figure class=\"wp-block-embed aligncenter is-type-video is-provider-youtube wp-block-embed-youtube wp-embed-aspect-16-9 wp-has-aspect-ratio\"><div class=\"wp-block-embed__wrapper\">\n<iframe loading=\"lazy\" title=\"Keru S\u00e1nchez y Alejandro Sanz en 40 principales\" width=\"500\" height=\"281\" src=\"https:\/\/www.youtube.com\/embed\/1iJTILuvJZ4?start=1&#038;feature=oembed\" frameborder=\"0\" allow=\"accelerometer; autoplay; clipboard-write; encrypted-media; gyroscope; picture-in-picture; web-share\" referrerpolicy=\"strict-origin-when-cross-origin\" allowfullscreen><\/iframe>\n<\/div><\/figure>\n<\/div>\n<\/div>\n\n\n\n<hr class=\"wp-block-separator has-alpha-channel-opacity\"\/>\n\n\n\n<div class=\"wp-block-columns is-layout-flex wp-container-core-columns-is-layout-28f84493 wp-block-columns-is-layout-flex\">\n<div class=\"wp-block-column is-layout-flow wp-block-column-is-layout-flow\" style=\"flex-basis:63%\">\n<h2 class=\"wp-block-heading\">EN M\u00daSICA&#8230;<\/h2>\n<\/div>\n\n\n\n<div class=\"wp-block-column is-layout-flow wp-block-column-is-layout-flow\" style=\"flex-basis:37%\"><\/div>\n<\/div>\n\n\n\n<figure class=\"wp-block-image alignright size-full is-resized\"><img loading=\"lazy\" decoding=\"async\" width=\"747\" height=\"606\" src=\"https:\/\/kerusanchez.es\/_new\/wp-content\/uploads\/2024\/05\/Enlight93.jpg\" alt=\"\" class=\"wp-image-131\" style=\"width:553px;height:auto\" srcset=\"https:\/\/kerusanchez.es\/wp-content\/uploads\/2024\/05\/Enlight93.jpg 747w, https:\/\/kerusanchez.es\/wp-content\/uploads\/2024\/05\/Enlight93-300x243.jpg 300w\" sizes=\"auto, (max-width: 747px) 100vw, 747px\" \/><figcaption class=\"wp-element-caption\">In concert<\/figcaption><\/figure>\n\n\n\n<p>Composici\u00f3n y publicaci\u00f3n del disco \u00abCompl\u00edcame la vida\u00bb, ganador del premio Artista revelaci\u00f3n Canal Fiesta con cinco singles consecutivos en antena.<\/p>\n\n\n\n<p>Composiciones para artistas como Pastora Soler, Son de Sol ( representantes de Eurovisi\u00f3n), o Mara Barros (corista de Joaqu\u00edn Sabina desde 2010).<\/p>\n\n\n\n<p>Decenas de masterclass sobre composici\u00f3n Musical<\/p>\n\n\n\n<p>Finalista \u00abMejor cantautor de Andaluc\u00eda\u00bb 2010<\/p>\n\n\n\n<p>Participaci\u00f3n en discos como: La calma (Pastora Soler), Veneno (Son de Sol), Por Motivos personales (Mara Barros)  Recuerdos ( del pianista Manolo Gonz\u00e1lez) o Alma Chill Out 2 (producci\u00f3n a cargo de Vale Music)&#8230;<\/p>\n\n\n\n<figure class=\"wp-block-embed is-type-rich is-provider-spotify wp-block-embed-spotify wp-embed-aspect-21-9 wp-has-aspect-ratio\"><div class=\"wp-block-embed__wrapper\">\n<iframe title=\"Spotify Embed: Compl\u00edcame la vida\" style=\"border-radius: 12px\" width=\"100%\" height=\"152\" frameborder=\"0\" allowfullscreen allow=\"autoplay; clipboard-write; encrypted-media; fullscreen; picture-in-picture\" loading=\"lazy\" src=\"https:\/\/open.spotify.com\/embed\/track\/5IOHcdX5302tSS8op78QNu?si=971bdb0ed603490d&#038;utm_source=oembed\"><\/iframe>\n<\/div><\/figure>\n\n\n\n<figure class=\"wp-block-embed is-type-rich is-provider-spotify wp-block-embed-spotify wp-embed-aspect-21-9 wp-has-aspect-ratio\"><div class=\"wp-block-embed__wrapper\">\n<iframe title=\"Spotify Embed: Fallerita de lunares\" style=\"border-radius: 12px\" width=\"100%\" height=\"352\" frameborder=\"0\" allowfullscreen allow=\"autoplay; clipboard-write; encrypted-media; fullscreen; picture-in-picture\" loading=\"lazy\" src=\"https:\/\/open.spotify.com\/embed\/album\/12Ndsmr7JKfUsYNuyp3a3Z?si=cmqZ0SGoTOmdkV-NFTDRAQ&#038;utm_source=oembed\"><\/iframe>\n<\/div><\/figure>\n\n\n\n<figure class=\"wp-block-embed is-type-rich is-provider-spotify wp-block-embed-spotify wp-embed-aspect-21-9 wp-has-aspect-ratio\"><div class=\"wp-block-embed__wrapper\">\n<iframe title=\"Spotify Embed: Ya no siento nada\" style=\"border-radius: 12px\" width=\"100%\" height=\"152\" frameborder=\"0\" allowfullscreen allow=\"autoplay; clipboard-write; encrypted-media; fullscreen; picture-in-picture\" loading=\"lazy\" src=\"https:\/\/open.spotify.com\/embed\/track\/6h29XO0ZW25ECswIfS3kxb?si=8b5a6f590c1c4dda&#038;utm_source=oembed\"><\/iframe>\n<\/div><\/figure>\n\n\n\n<figure class=\"wp-block-embed is-type-rich is-provider-spotify wp-block-embed-spotify wp-embed-aspect-21-9 wp-has-aspect-ratio\"><div class=\"wp-block-embed__wrapper\">\n<iframe title=\"Spotify Embed: La man\u0303ana\" style=\"border-radius: 12px\" width=\"100%\" height=\"152\" frameborder=\"0\" allowfullscreen allow=\"autoplay; clipboard-write; encrypted-media; fullscreen; picture-in-picture\" loading=\"lazy\" src=\"https:\/\/open.spotify.com\/embed\/track\/1FCpLKndNuzoRKmMCJkGcH?si=28cc0296ca4444a4&#038;utm_source=oembed\"><\/iframe>\n<\/div><\/figure>\n","protected":false},"excerpt":{"rendered":"<p>EN GALAS &#8230; Gala 90 aniversario Cadena Ser (2024) Gala Global Gift ( Mar\u00eda Bravo &amp; Eva Longoria) Gala Premios Radio Elda ( de 2017 a 2024) Gala premios Radio Orihuela (de 2018 a 2024) Gala Premios Radio Benidorm ( 2023\/2024) Gala Premios Ser Viajeros ( 2016\/2024) Premios Muy Abierto Comercio Gala Premios Asaja Agricultura [&hellip;]<\/p>\n","protected":false},"author":2,"featured_media":0,"parent":0,"menu_order":0,"comment_status":"closed","ping_status":"closed","template":"","meta":{"footnotes":""},"class_list":["post-72","page","type-page","status-publish","hentry"],"_links":{"self":[{"href":"https:\/\/kerusanchez.es\/index.php\/wp-json\/wp\/v2\/pages\/72","targetHints":{"allow":["GET"]}}],"collection":[{"href":"https:\/\/kerusanchez.es\/index.php\/wp-json\/wp\/v2\/pages"}],"about":[{"href":"https:\/\/kerusanchez.es\/index.php\/wp-json\/wp\/v2\/types\/page"}],"author":[{"embeddable":true,"href":"https:\/\/kerusanchez.es\/index.php\/wp-json\/wp\/v2\/users\/2"}],"replies":[{"embeddable":true,"href":"https:\/\/kerusanchez.es\/index.php\/wp-json\/wp\/v2\/comments?post=72"}],"version-history":[{"count":25,"href":"https:\/\/kerusanchez.es\/index.php\/wp-json\/wp\/v2\/pages\/72\/revisions"}],"predecessor-version":[{"id":255,"href":"https:\/\/kerusanchez.es\/index.php\/wp-json\/wp\/v2\/pages\/72\/revisions\/255"}],"wp:attachment":[{"href":"https:\/\/kerusanchez.es\/index.php\/wp-json\/wp\/v2\/media?parent=72"}],"curies":[{"name":"wp","href":"https:\/\/api.w.org\/{rel}","templated":true}]}}