{"id":57,"date":"2024-05-20T18:51:47","date_gmt":"2024-05-20T16:51:47","guid":{"rendered":"https:\/\/kerusanchez.es\/?page_id=57"},"modified":"2024-06-26T17:11:54","modified_gmt":"2024-06-26T15:11:54","slug":"biografia","status":"publish","type":"page","link":"https:\/\/kerusanchez.es\/index.php\/biografia\/","title":{"rendered":"BIOGRAF\u00cdA"},"content":{"rendered":"\n<figure class=\"wp-block-gallery alignleft has-nested-images columns-default is-cropped wp-block-gallery-1 is-layout-flex wp-block-gallery-is-layout-flex\"><\/figure>\n\n\n\n<h5 class=\"wp-block-heading has-text-align-center\">Presentador, comunicador, c\u00f3mico, maestro de ceremonias, guionista, cantante y compositor multidisciplinar<\/h5>\n\n\n\n<div style=\"height:45px\" aria-hidden=\"true\" class=\"wp-block-spacer\"><\/div>\n\n\n\n<div class=\"wp-block-media-text has-media-on-the-right is-stacked-on-mobile\" style=\"grid-template-columns:auto 31%\"><div class=\"wp-block-media-text__content\">\n<p class=\"has-text-align-left\">En la actualidad y desde el a\u00f1o 2013, Keru S\u00e1nchez es guionista y colaborador del programa ANDA YA! (cadena de radio Los 40) creando canciones semanalmente sobre las noticias de actualidad, canciones personalizadas para los oyentes y un original Trivial Musical, con el toque de humor y genialidad que le caracteriza, superando el millar de composiciones en directo. Tambi\u00e9n ha colaborado en numerosos espacios radiof\u00f3nicos como La Ventana o Carrusel Deportivo (Cadena Ser), o Abierto hasta las 2, de Radio Nacional Espa\u00f1ola.<\/p>\n<\/div><figure class=\"wp-block-media-text__media\"><img loading=\"lazy\" decoding=\"async\" width=\"576\" height=\"1024\" src=\"https:\/\/kerusanchez.es\/wp-content\/uploads\/2024\/05\/06d7a480-7db2-4bef-b1e0-dd7c650c773b-576x1024.jpg\" alt=\"\" class=\"wp-image-29 size-full\" srcset=\"https:\/\/kerusanchez.es\/wp-content\/uploads\/2024\/05\/06d7a480-7db2-4bef-b1e0-dd7c650c773b-576x1024.jpg 576w, https:\/\/kerusanchez.es\/wp-content\/uploads\/2024\/05\/06d7a480-7db2-4bef-b1e0-dd7c650c773b-169x300.jpg 169w, https:\/\/kerusanchez.es\/wp-content\/uploads\/2024\/05\/06d7a480-7db2-4bef-b1e0-dd7c650c773b-768x1366.jpg 768w, https:\/\/kerusanchez.es\/wp-content\/uploads\/2024\/05\/06d7a480-7db2-4bef-b1e0-dd7c650c773b-864x1536.jpg 864w, https:\/\/kerusanchez.es\/wp-content\/uploads\/2024\/05\/06d7a480-7db2-4bef-b1e0-dd7c650c773b.jpg 899w\" sizes=\"auto, (max-width: 576px) 100vw, 576px\" \/><\/figure><\/div>\n\n\n\n<div style=\"height:45px\" aria-hidden=\"true\" class=\"wp-block-spacer\"><\/div>\n\n\n\n<div class=\"wp-block-media-text is-stacked-on-mobile\"><figure class=\"wp-block-media-text__media\"><img loading=\"lazy\" decoding=\"async\" width=\"1024\" height=\"682\" src=\"https:\/\/kerusanchez.es\/wp-content\/uploads\/2024\/05\/00d1e37e-9c2a-4b4b-a80f-faefb39c7e9c-1024x682.jpg\" alt=\"\" class=\"wp-image-22 size-full\" srcset=\"https:\/\/kerusanchez.es\/wp-content\/uploads\/2024\/05\/00d1e37e-9c2a-4b4b-a80f-faefb39c7e9c-1024x682.jpg 1024w, https:\/\/kerusanchez.es\/wp-content\/uploads\/2024\/05\/00d1e37e-9c2a-4b4b-a80f-faefb39c7e9c-300x200.jpg 300w, https:\/\/kerusanchez.es\/wp-content\/uploads\/2024\/05\/00d1e37e-9c2a-4b4b-a80f-faefb39c7e9c-768x512.jpg 768w, https:\/\/kerusanchez.es\/wp-content\/uploads\/2024\/05\/00d1e37e-9c2a-4b4b-a80f-faefb39c7e9c.jpg 1280w\" sizes=\"auto, (max-width: 1024px) 100vw, 1024px\" \/><\/figure><div class=\"wp-block-media-text__content\">\n<p>Especializado en creaciones musicales personalizadas adaptadas a todo tipo de galas y m\u00e1s de un centenar de eventos realizados como \u00abThe Global Gift: Gala Marbella con Eva Longoria\u00bb, \u00abGala 90 Aniversario Cadena Ser\u00bb, \u00abGala Premios Radio Benidorm\u00bb o \u00abGala Turismo Cocemfe\u00bb entre otras.<\/p>\n<\/div><\/div>\n\n\n\n<div style=\"height:45px\" aria-hidden=\"true\" class=\"wp-block-spacer\"><\/div>\n\n\n\n<div class=\"wp-block-media-text has-media-on-the-right is-stacked-on-mobile\"><div class=\"wp-block-media-text__content\">\n<p>En Televisi\u00f3n ha colaborado como cantante, comunicador, compositor, y guionista en programas de m\u00e1xima audiencia a nivel nacional como \u00abLate Motiv\u00bb con Andreu Buenafuente, \u00abFama a bailar\u00bb de Movistar+, \u00abFirst Dates\u00bb de Cuatro o \u00abMusic Experience\u00bb de Grupo Mediaset entre otros.<\/p>\n<\/div><figure class=\"wp-block-media-text__media\"><img loading=\"lazy\" decoding=\"async\" width=\"1024\" height=\"725\" src=\"https:\/\/kerusanchez.es\/wp-content\/uploads\/2024\/05\/IMG_1833-1024x725.jpg\" alt=\"\" class=\"wp-image-128 size-full\" srcset=\"https:\/\/kerusanchez.es\/wp-content\/uploads\/2024\/05\/IMG_1833-1024x725.jpg 1024w, https:\/\/kerusanchez.es\/wp-content\/uploads\/2024\/05\/IMG_1833-300x213.jpg 300w, https:\/\/kerusanchez.es\/wp-content\/uploads\/2024\/05\/IMG_1833-768x544.jpg 768w, https:\/\/kerusanchez.es\/wp-content\/uploads\/2024\/05\/IMG_1833-1536x1088.jpg 1536w, https:\/\/kerusanchez.es\/wp-content\/uploads\/2024\/05\/IMG_1833-2048x1451.jpg 2048w\" sizes=\"auto, (max-width: 1024px) 100vw, 1024px\" \/><\/figure><\/div>\n\n\n\n<div style=\"height:45px\" aria-hidden=\"true\" class=\"wp-block-spacer\"><\/div>\n\n\n\n<p><\/p>\n\n\n\n<div class=\"wp-block-media-text is-stacked-on-mobile\"><figure class=\"wp-block-media-text__media\"><img loading=\"lazy\" decoding=\"async\" width=\"1024\" height=\"682\" src=\"https:\/\/kerusanchez.es\/wp-content\/uploads\/2024\/05\/1dad42e1-2d99-40e4-8b40-dd64f30cefee-1024x682.jpg\" alt=\"\" class=\"wp-image-28 size-full\" srcset=\"https:\/\/kerusanchez.es\/wp-content\/uploads\/2024\/05\/1dad42e1-2d99-40e4-8b40-dd64f30cefee-1024x682.jpg 1024w, https:\/\/kerusanchez.es\/wp-content\/uploads\/2024\/05\/1dad42e1-2d99-40e4-8b40-dd64f30cefee-300x200.jpg 300w, https:\/\/kerusanchez.es\/wp-content\/uploads\/2024\/05\/1dad42e1-2d99-40e4-8b40-dd64f30cefee-768x512.jpg 768w, https:\/\/kerusanchez.es\/wp-content\/uploads\/2024\/05\/1dad42e1-2d99-40e4-8b40-dd64f30cefee-1536x1024.jpg 1536w, https:\/\/kerusanchez.es\/wp-content\/uploads\/2024\/05\/1dad42e1-2d99-40e4-8b40-dd64f30cefee-2048x1365.jpg 2048w\" sizes=\"auto, (max-width: 1024px) 100vw, 1024px\" \/><\/figure><div class=\"wp-block-media-text__content\">\n<p>En campa\u00f1as publicitarias ha realizado composiciones para \u00abEl Almendro\u00bb, \u00abHyundai\u00bb, \u00abLicor 43\u00bb, \u00abEcoembes\u00bb o para la Fundaci\u00f3n \u00abM\u00eda lo que hago\u00bb, y sinton\u00edas para Podcast y redes sociales como \u00abTodo sobre tu madre\u00bb de Alma Forte entre otras.<\/p>\n<\/div><\/div>\n","protected":false},"excerpt":{"rendered":"<p>Presentador, comunicador, c\u00f3mico, maestro de ceremonias, guionista, cantante y compositor multidisciplinar En la actualidad y desde el a\u00f1o 2013, Keru S\u00e1nchez es guionista y colaborador del programa ANDA YA! (cadena de radio Los 40) creando canciones semanalmente sobre las noticias de actualidad, canciones personalizadas para los oyentes y un original Trivial Musical, con el toque [&hellip;]<\/p>\n","protected":false},"author":2,"featured_media":0,"parent":0,"menu_order":0,"comment_status":"closed","ping_status":"closed","template":"","meta":{"footnotes":""},"class_list":["post-57","page","type-page","status-publish","hentry"],"_links":{"self":[{"href":"https:\/\/kerusanchez.es\/index.php\/wp-json\/wp\/v2\/pages\/57","targetHints":{"allow":["GET"]}}],"collection":[{"href":"https:\/\/kerusanchez.es\/index.php\/wp-json\/wp\/v2\/pages"}],"about":[{"href":"https:\/\/kerusanchez.es\/index.php\/wp-json\/wp\/v2\/types\/page"}],"author":[{"embeddable":true,"href":"https:\/\/kerusanchez.es\/index.php\/wp-json\/wp\/v2\/users\/2"}],"replies":[{"embeddable":true,"href":"https:\/\/kerusanchez.es\/index.php\/wp-json\/wp\/v2\/comments?post=57"}],"version-history":[{"count":22,"href":"https:\/\/kerusanchez.es\/index.php\/wp-json\/wp\/v2\/pages\/57\/revisions"}],"predecessor-version":[{"id":238,"href":"https:\/\/kerusanchez.es\/index.php\/wp-json\/wp\/v2\/pages\/57\/revisions\/238"}],"wp:attachment":[{"href":"https:\/\/kerusanchez.es\/index.php\/wp-json\/wp\/v2\/media?parent=57"}],"curies":[{"name":"wp","href":"https:\/\/api.w.org\/{rel}","templated":true}]}}